{"id":3238,"date":"2022-11-23T14:38:15","date_gmt":"2022-11-23T14:38:15","guid":{"rendered":"https:\/\/prielsa.com\/?page_id=3238"},"modified":"2024-01-05T14:43:01","modified_gmt":"2024-01-05T14:43:01","slug":"casinos-online-para-jugadores-espanoles-revision-exhaustiva-de-los-mejores-casinos-en-linea","status":"publish","type":"page","link":"https:\/\/prielsa.com\/index.php\/casinos-online-para-jugadores-espanoles-revision-exhaustiva-de-los-mejores-casinos-en-linea\/","title":{"rendered":"Casinos online para jugadores espa\u00f1oles: Revisi\u00f3n exhaustiva de los mejores casinos en l\u00ednea"},"content":{"rendered":"\n<p>Los casinos en l\u00ednea tienen una gran demanda en estos d\u00edas. La mayor\u00eda de los recursos de juego no solo ofrecen m\u00e1quinas tragamonedas y juegos de cartas, sino que tambi\u00e9n utilizan tecnolog\u00eda de transmisi\u00f3n de alta definici\u00f3n para transmitir juegos famosos como el blackjack o los dados a los clientes. Los juegos de tragamonedas se transmiten en HD e incluso se desarrollan en estudios totalmente equipados para brindar a los jugadores una experiencia de casino aut\u00e9ntica e inolvidable.<\/p>\n\n\n\n<p>Este aspecto tan profesional explica en parte la popularidad de las famosas plataformas de juego entre el p\u00fablico objetivo en Espa\u00f1a. Cada d\u00eda, los editores jefe de https:\/\/www.online-casino.org.es\/, Askgamblers.com, casino.org monitorean todos los cambios en el mercado y preparan rese\u00f1as \u00fatiles para proporcionar informaci\u00f3n \u00fatil tanto a los lectores como a futuros jugadores, esperamos que la experiencia del casino sea positiva.<\/p>\n\n\n\n<figure class=\"wp-block-image size-large is-resized\"><img decoding=\"async\" src=\"https:\/\/external-content.duckduckgo.com\/iu\/?u=https%3A%2F%2Ftse2.mm.bing.net%2Fth%3Fid%3DOIP._ToHO7XTY7RR2sJLfVy1HgHaE5%26pid%3DApi&amp;f=1&amp;ipt=47243995d1bccf623bacd872954033296c607faeae1625337a9cc8037fae10fd&amp;ipo=images\" alt=\"\" style=\"width:1140px;height:auto\"\/><\/figure>\n\n\n\n<h2 class=\"wp-block-heading\">Descubre la selecci\u00f3n de los mejores casinos online de Espa\u00f1a de la mano del autor Romain Feriolo<\/h2>\n\n\n\n<p>El equipo <a href=\"https:\/\/www.online-casino.org.es\/\">online-casino.org.es<\/a>, dirigido por el editor jefe Romain Feriolo, prueba los casinos online todos los d\u00edas y no intenta presentarle algo que pueda no ser la opci\u00f3n \u00f3ptima.<\/p>\n\n\n\n<p>Cada casino en el ranking de los TOP casinos espa\u00f1oles fue evaluado cuidadosamente en funci\u00f3n de par\u00e1metros como seguridad de la informaci\u00f3n, variedad de proveedores, c\u00f3digos promocionales y promociones, herramientas de pago, servicio al cliente y mucho m\u00e1s.<\/p>\n\n\n\n<p>Cada cliente comprende la importancia de la protecci\u00f3n y la fiabilidad a la hora de elegir un club de juego en Espa\u00f1a. Es por eso que todos los clubes de juego recomendados en el mercado espa\u00f1ol en la lista est\u00e1n regulados y autorizados por instituciones de casinos acreditadas, lo que garantiza una experiencia de juego justa y transparente.<\/p>\n\n\n\n<p>Los sitios de juegos de origen espa\u00f1ol son visitados por bastantes clientes de M\u00e9xico, Estados Unidos y Argentina. En 2023, los sitios de juegos en Espa\u00f1a ser\u00e1n reconocidos por su confiabilidad. La interfaz en los clubes de juego es de muy alto nivel. Los siguientes datos se analizan en el recurso:<\/p>\n\n\n\n<ul class=\"wp-block-list\">\n<li>percepci\u00f3n agradable de la informaci\u00f3n;<\/li>\n\n\n\n<li>an\u00e1lisis de juegos interesantes;<\/li>\n\n\n\n<li>multifuncionalidad del recurso;<\/li>\n<\/ul>\n\n\n\n<p>\u00a1En el sitio web https:\/\/www.online-casino.org.es\/ solo est\u00e1n disponibles clubes de juego verificados para jugadores espa\u00f1oles del editor jefe del recurso Romain Feriolo!<\/p>\n\n\n\n<p>El equipo del sitio es un comparador independiente, transparente y confiable de sitios de juegos espa\u00f1oles. Los editores jefe reconocen la importancia de ofrecer a sus clientes las mejores opciones de entretenimiento de casinos online, por eso se seleccionan cuidadosamente los TOP casinos de Espa\u00f1a en 2023.<\/p>\n\n\n\n<p>Como en cualquier pa\u00eds, en Espa\u00f1a existen casinos digitales de primer nivel. Por supuesto, como en otros lugares, hay sitios de juegos con contenidos poco interesantes, as\u00ed como sitios que, por lo tanto, no han pasado el examen del embajador Romain Feriolo.<\/p>\n\n\n\n<p>Cabe destacar que los mejores casinos online de Espa\u00f1a en 2023 se hicieron famosos por su plataforma m\u00f3vil. Casi todos los sitios de juegos seg\u00fan las calificaciones de 2023 tienen una versi\u00f3n en el pa\u00eds para jugar en Android o iOS.<\/p>\n\n\n\n<h2 class=\"wp-block-heading\">\u00bfC\u00f3mo elegir el mejor casino para jugadores espa\u00f1oles?<\/h2>\n\n\n\n<p>El registro en un servicio de juegos puede ser arriesgado si no sabe qu\u00e9 par\u00e1metros evaluar la calidad y el funcionamiento estable del sitio. Este extracto se centrar\u00e1 en las t\u00e9cnicas utilizadas por los expertos para detectar y prevenir sitios de juegos de apuestas no confiables.<\/p>\n\n\n\n<p>Recuerde que la lista de ofertas de bonos de casinos en l\u00ednea tambi\u00e9n juega un papel importante. B\u00e1sicamente, es racional prestar atenci\u00f3n al bono de bienvenida y al bono sin dep\u00f3sito.<\/p>\n\n\n\n<p>Al buscar un club de casino, preste atenci\u00f3n adicionalmente a la presencia de una licencia de la DGOJ. Informaci\u00f3n detallada al respecto se puede encontrar en https:\/\/www.ordenacionjuego.es\/.<\/p>\n\n\n\n<h3 class=\"wp-block-heading\">Mira diferentes consejos<\/h3>\n\n\n\n<p>A la hora de buscar un sitio web estable, primero debes tener una idea general de lo que te ofrece la industria del juego online. Aunque la oferta de clubes de juego crece y se desarrolla constantemente, en el caso de los casinos atractivos la elecci\u00f3n sigue siendo peque\u00f1a.<\/p>\n\n\n\n<p>Cada portal de casinos en l\u00ednea tiene algunas recomendaciones. Puedes conocerlos a trav\u00e9s de editores internacionales, tambi\u00e9n de Romain Feriolo.<\/p>\n\n\n\n<h3 class=\"wp-block-heading\">Licencia<\/h3>\n\n\n\n<p>Cualquier casino en l\u00ednea respetable tiene una licencia emitida por una organizaci\u00f3n del mundo del juego, lo que es una prueba irrefutable de que el servicio de juego est\u00e1 aprobado. La mejor opci\u00f3n en este caso es una licencia emitida por una agencia reguladora europea, por ejemplo, la UKGC (Comisi\u00f3n de Juego del Reino Unido). Por otro lado, existen www.online-casino.org.es clubes de juego que tienen licencia en pa\u00edses extraterritoriales. Las plataformas de juego tienen licencia de Curazao o MGA (Malta Gaming Authority). El estado tambi\u00e9n tiene un organismo responsable de la calidad de los sitios web de juegos y tiene derecho a emitir licencias de casino: la Direcci\u00f3n General de Ordenaci\u00f3n del Juego. Vale la pena saber que cuando juegas en un servicio de juego sin licencia, corres un gran riesgo, porque en caso de disputa no tendr\u00e1s a nadie que proteja tus intereses. La ley no estar\u00e1 de tu lado y puedes perder bastante r\u00e1pidamente.<\/p>\n\n\n\n<h3 class=\"wp-block-heading\">Seguridad<\/h3>\n\n\n\n<p>La seguridad y la confiabilidad de los datos van de la mano en la industria de los casinos web. Como jugador, usted merece una plataforma de juego segura y confiable. A continuaci\u00f3n te indicamos algunos matices a los que debes prestar atenci\u00f3n para poder evaluar el funcionamiento estable de los casinos online en Espa\u00f1a:<\/p>\n\n\n\n<ol class=\"wp-block-list\">\n<li>Varios m\u00e9todos de pago. Un establecimiento de juego confiable trabaja con opciones de pago reconocidas, lo que en realidad se considera prueba de su cumplimiento de la normativa vigente y de la transparencia de sus transacciones financieras;<\/li>\n\n\n\n<li>Certificado SSL: este certificado de seguridad protege tu informaci\u00f3n cuando juegas de forma remota. La mayor\u00eda de los sitios que requieren transacciones financieras est\u00e1n equipados para impedir el acceso a datos personales por parte de terceros;<\/li>\n\n\n\n<li>Software certificado para clubes de juego. Organizaciones como eCOGRA certifican la confiabilidad de los proveedores de casinos. Un establecimiento de juego que ofrece y opera software de casino certificado ha pasado una serie de pruebas de confiabilidad.<\/li>\n\n\n\n<li>Las rese\u00f1as de casinos en l\u00ednea son generalmente importantes para los clientes de juegos de azar que prefieren participar en torneos. Tambi\u00e9n vale la pena prestar atenci\u00f3n a este aspecto.<\/li>\n<\/ol>\n\n\n\n<p>Ciertas leyes tambi\u00e9n son de importancia clave en el pa\u00eds. En materia de seguridad, la responsable en Espa\u00f1a es la Ley 13\/2011, de 27 de mayo, de regulaci\u00f3n del juego. Las leyes sobre juegos de casino entraron en vigor por primera vez en Espa\u00f1a en 2011.<\/p>\n\n\n\n<h3 class=\"wp-block-heading\">Variedad de entretenimiento de juegos de azar en sitios de juegos espa\u00f1oles<\/h3>\n\n\n\n<p>La clave para ganar dinero real en un casino web es jugar sabiamente: filtre las m\u00e1quinas tragamonedas con las mejores proporciones de pago, comprenda las reglas y administre sus fondos de manera efectiva.<\/p>\n\n\n\n<p>Los excelentes casinos online en Espa\u00f1a ofrecen una gran selecci\u00f3n de juegos, incluidos juegos tan conocidos como el blackjack y la ruleta, as\u00ed como video tragamonedas y juegos en vivo. Aunque muchos de los sitios de juegos de azar ofrecen tipos similares de entretenimiento de juegos de azar, la calidad de los proveedores depende de sus asociaciones con diferentes desarrolladores.<\/p>\n\n\n\n<p>Los mejores sitios de juegos del mercado espa\u00f1ol suelen estar afiliados a varios operadores de juegos, lo que brinda a los usuarios acceso a una amplia gama de entretenimiento de alta calidad. Estos son algunos de los principales operadores conocidos por sus excelentes juegos y confiabilidad:<\/p>\n\n\n\n<ul class=\"wp-block-list\">\n<li>NetEnt es un desarrollador popular de m\u00e1quinas de juego;<\/li>\n\n\n\n<li>Microgaming: se especializa en juegos de azar regulares;<\/li>\n\n\n\n<li>Playtech: se especializa en juegos de mesa, incluido el blackjack;<\/li>\n\n\n\n<li>Evolution Gaming es el mejor operador de casinos en vivo;<\/li>\n\n\n\n<li>Play&#8217;n GO: gr\u00e1ficos complejos para juegos de azar;<\/li>\n\n\n\n<li>Pragmatic Play es una famosa organizaci\u00f3n de desarrollo de tragamonedas;<\/li>\n<\/ul>\n\n\n\n<p>Estos proveedores son buscados por sus famosos dise\u00f1os de juegos y sus altas tasas de retorno al jugador (RTP), lo que brinda a los usuarios una buena oportunidad de ganar. Adem\u00e1s, muchos desarrolladores ofrecen botes progresivos. Por lo tanto, elegir un casino asociado con los mejores proveedores de la industria garantiza no s\u00f3lo una experiencia de juego confiable, sino tambi\u00e9n un entretenimiento justo y transparente.<\/p>\n\n\n\n<p>No olvide probar su fuerza en establecimientos de juego f\u00edsicos confiables. Estos establecimientos de juego incluyen el Gran Casino Sardinero. Se trata de una marca de casino espa\u00f1ola respetada en toda Europa. Por supuesto, es m\u00e1s relevante en Espa\u00f1a.<\/p>\n\n\n\n<p>Ahora exploremos los diferentes tipos de entretenimiento y los mejores sitios de juegos que los ofrecen.<\/p>\n\n\n\n<p>Las m\u00e1quinas tragamonedas se consideran uno de los juegos m\u00e1s populares en los casinos en l\u00ednea debido a su variedad y facilidad de juego. Los mejores sitios de juegos ofrecen una emocionante selecci\u00f3n de tragamonedas con diferentes temas, botes progresivos y atractivos bonos.<\/p>\n\n\n\n<h3 class=\"wp-block-heading\">Formato m\u00f3vil de los clubes espa\u00f1oles<\/h3>\n\n\n\n<p>\u00bfEst\u00e1s ansioso por saber si puedes tocar en vivo en tu tel\u00e9fono m\u00f3vil en lugar de en tu computadora: Windows o Mac? La respuesta es inmediata: s\u00ed, puedes. Lo mejor de los juegos de casino es que puedes acceder a ellos a trav\u00e9s de tu tel\u00e9fono m\u00f3vil b\u00e1sicamente en cualquier lugar y en cualquier momento. Los avances tecnol\u00f3gicos de los \u00faltimos a\u00f1os han hecho posible que los usuarios disfruten de los clubes de juego en pantallas peque\u00f1as y port\u00e1tiles. Los casinos en l\u00ednea no son una excepci\u00f3n y un gran porcentaje de proveedores ofrecen ahora una plataforma m\u00f3vil totalmente compatible con dispositivos port\u00e1tiles como tel\u00e9fonos inteligentes y tabletas. Los jugadores ya no est\u00e1n limitados a sus PC o port\u00e1tiles. Ahora puedes obtener la misma experiencia de juego mientras conduces al trabajo, esperas en el dentista o en cualquier otro lugar. Todo lo que necesitas es una buena conexi\u00f3n a Internet y ejecutar tu juego favorito.<\/p>\n\n\n\n<h3 class=\"wp-block-heading\">Pagos r\u00e1pidos en casinos online famosos de Espa\u00f1a<\/h3>\n\n\n\n<p>Al elegir un casino en l\u00ednea, la velocidad de pago es un factor importante a considerar. Una vez que haya recibido sus ganancias, por supuesto querr\u00e1 recibirlas lo antes posible.<\/p>\n\n\n\n<p>Aunque los tiempos de retiro pueden variar dependiendo de ciertos factores, como la velocidad de procesamiento de transacciones del casino y el m\u00e9todo de pago que elija para depositar y retirar fondos. Es por eso que debes elegir una opci\u00f3n de pago efectiva y, preferiblemente, un casino que facilite retiros r\u00e1pidos. Estas son algunas de las herramientas de pago m\u00e1s efectivas para los jugadores espa\u00f1oles:<\/p>\n\n\n\n<ul class=\"wp-block-list\">\n<li>Klarna;<\/li>\n\n\n\n<li>Payoneer;<\/li>\n\n\n\n<li>Raya;<\/li>\n\n\n\n<li>Skrill;<\/li>\n\n\n\n<li>Neteller.<\/li>\n<\/ul>\n\n\n\n<p>Teleingreso es de hecho el l\u00edder indiscutible en el mercado de tecnolog\u00eda de pagos de casinos web en Espa\u00f1a. Debido a esto, su presencia en la parte superior de la lista tiene sentido al clasificar los mejores casinos web en t\u00e9rminos de m\u00e9todos de pago.<\/p>\n\n\n\n<h2 class=\"wp-block-heading\">Bonos en casinos espa\u00f1oles<\/h2>\n\n\n\n<p>Un detalle que acerca a los clubes de juego espa\u00f1oles a sus hom\u00f3logos tradicionales es que, en general, ofrecen interesantes bonos para usar con todos los proveedores de la gama, lo que suele ser importante para los usuarios que desean aumentar su poder financiero en el portal.<\/p>\n\n\n\n<p>Los casinos suelen ofrecer a los jugadores bonos, giros gratis o descuentos en la primera apuesta, as\u00ed como de vez en cuando en varias apuestas posteriores. La naturaleza de los bonos var\u00eda de un sitio a otro www.online-casino.org.es, por lo que es dif\u00edcil describirlos con precisi\u00f3n. Ciertos clubes ofrecen bonos sin dep\u00f3sito para que los participantes en el juego puedan probar a los proveedores sin arriesgar su propio dinero. La devoluci\u00f3n de dinero real es otra forma clave de bonificaci\u00f3n que act\u00faa como una forma de seguro, reembolsando un porcentaje de las p\u00e9rdidas sufridas por el jugador. Para recibir un bono, simplemente necesita registrarse abriendo una cuenta de casino y, normalmente, realizar un dep\u00f3sito. All\u00ed, recibir\u00e1 su bono de bienvenida al instante, a menudo despu\u00e9s de su primer dep\u00f3sito.<\/p>\n\n\n\n<p>\u00bfQu\u00e9 pasa con otros bonos? Los recibir\u00e1s ocasionalmente o puedes aprovechar ciertos programas de lealtad o VIP que ofrecen varios bonos y beneficios de forma continua. La tabla contiene las plataformas de juego de nivel TOP en Espa\u00f1a con sus bonificaciones:<\/p>\n\n\n\n<figure class=\"wp-block-table\"><table><tbody><tr><td>Codere<\/td><td>Codere es un recurso con interesantes juegos de casino. Con m\u00e1s de 3.500 m\u00e1quinas de juego en su surtido, 250 de las cuales son juegos de casino en vivo, se ha consolidado como el casino elegido por los amantes de los juegos en vivo.<\/td><td>100% hasta 500\u20ac + 200 giros gratis. Este casino club es incre\u00edblemente popular en las ciudades de Bilbao y Santa Cruz.<\/td><\/tr><tr><td>Playuzu<\/td><td>A los entusiastas de los juegos online les encantar\u00e1 la variada gama de Playuzu y el desaf\u00edo constante que ofrece.<\/td><td>150% hasta 800 euros + 125 giros gratis<\/td><\/tr><tr><td>Casino777<\/td><td>Los usuarios espa\u00f1oles se sentir\u00e1n especialmente mimados gracias a los bonos de bienvenida especialmente dise\u00f1ados. La atenci\u00f3n al cliente diaria de Casino777 y el par de opciones de pago hacen que el servicio de juego sea una opci\u00f3n confiable, lo que demuestra por qu\u00e9 este establecimiento de juego est\u00e1 en la parte superior de la lista.<\/td><td>Todos los usuarios reciben un bono del 100% en dep\u00f3sitos de hasta 1000 EUR.<\/td><\/tr><\/tbody><\/table><\/figure>\n\n\n\n<h2 class=\"wp-block-heading\">\u00bfEs posible ganar dinero real en un club de juego?<\/h2>\n\n\n\n<p>Por supuesto, las ganancias m\u00e1s importantes esperan a los jugadores en yocasino y playuzu. Por eso, muchos jugadores prefieren estos clubes de casino. Puedes obtener informaci\u00f3n m\u00e1s detallada sobre esto en Facebook.<\/p>\n\n\n\n<p>No est\u00e1 garantizado ganar mucho en un casino en l\u00ednea, pero la forma en que realiza sus apuestas puede afectar sus posibilidades de ganar. A continuaci\u00f3n se ofrecen un par de consejos que le ayudar\u00e1n a mejorar su experiencia de juego en el casino online y aumentar sus posibilidades de ganar.<\/p>\n\n\n\n<p>Elige los juegos adecuados. Los sitios web de juegos ofrecen muchos juegos, pero no todos ofrecen el mismo potencial de ganancia. Los juegos de mesa, incluidos el blackjack, el baccarat y la ruleta, suelen tener probabilidades de ganar significativamente m\u00e1s altas, mientras que los proveedores ofrecen mayores ganancias potenciales, pero con probabilidades m\u00e1s bajas.<\/p>\n\n\n\n<p>Busque bonos con requisitos de apuesta bajos o sin ning\u00fan requisito de apuesta. Este tipo de bono le brinda una posibilidad m\u00e1s realista de convertir su bono en ganancias reales.<\/p>\n\n\n\n<p>Conozca el RTP de cada juego, indica las probabilidades de ganar determinados juegos.<\/p>\n\n\n\n<p>Juegue en establecimientos de juego que hayan recibido una licencia especial de organizaciones internacionales acreditadas. No olvides prestar atenci\u00f3n a las plataformas de juegos que ayudan a combatir la adicci\u00f3n. Entre estas instituciones en el pa\u00eds se encuentran Cl\u00ednicas CITA.<\/p>\n\n\n\n<p>Piense en el juego no como una opci\u00f3n para ganar dinero, sino como entretenimiento. Vale la pena entender que antes de comenzar el juego debes aceptar el hecho de que puedes perder.<\/p>\n\n\n\n<p>Elija plataformas de juego que respeten las reglas y principios del juego responsable. Puede sentirse estable con dichos recursos y, si necesita ayuda, el servicio de juegos le ofrecer\u00e1 soluciones instant\u00e1neas. Informaci\u00f3n actualizada a julio de 2023.<\/p>\n","protected":false},"excerpt":{"rendered":"<p>Los casinos en l\u00ednea tienen una gran demanda en estos d\u00edas. La mayor\u00eda de los recursos de juego no solo ofrecen m\u00e1quinas tragamonedas y juegos de cartas, sino que tambi\u00e9n utilizan tecnolog\u00eda de transmisi\u00f3n de alta definici\u00f3n para transmitir juegos famosos como el blackjack o los dados a los clientes. Los juegos de tragamonedas se &hellip; <\/p>\n<p class=\"link-more\"><a href=\"https:\/\/prielsa.com\/index.php\/casinos-online-para-jugadores-espanoles-revision-exhaustiva-de-los-mejores-casinos-en-linea\/\" class=\"more-link\">Continue reading<span class=\"screen-reader-text\"> \u00abCasinos online para jugadores espa\u00f1oles: Revisi\u00f3n exhaustiva de los mejores casinos en l\u00ednea\u00bb<\/span><\/a><\/p>\n","protected":false},"author":4,"featured_media":0,"parent":0,"menu_order":0,"comment_status":"closed","ping_status":"closed","template":"","meta":{"_regular_price":[],"currency_symbol":[],"footnotes":""},"class_list":["post-3238","page","type-page","status-publish","hentry"],"post_slider_layout_featured_media_urls":{"thumbnail":"","post_slider_layout_landscape_large":"","post_slider_layout_portrait_large":"","post_slider_layout_square_large":"","post_slider_layout_landscape":"","post_slider_layout_portrait":"","post_slider_layout_square":"","full":""},"_links":{"self":[{"href":"https:\/\/prielsa.com\/index.php\/wp-json\/wp\/v2\/pages\/3238","targetHints":{"allow":["GET"]}}],"collection":[{"href":"https:\/\/prielsa.com\/index.php\/wp-json\/wp\/v2\/pages"}],"about":[{"href":"https:\/\/prielsa.com\/index.php\/wp-json\/wp\/v2\/types\/page"}],"author":[{"embeddable":true,"href":"https:\/\/prielsa.com\/index.php\/wp-json\/wp\/v2\/users\/4"}],"replies":[{"embeddable":true,"href":"https:\/\/prielsa.com\/index.php\/wp-json\/wp\/v2\/comments?post=3238"}],"version-history":[{"count":1,"href":"https:\/\/prielsa.com\/index.php\/wp-json\/wp\/v2\/pages\/3238\/revisions"}],"predecessor-version":[{"id":3245,"href":"https:\/\/prielsa.com\/index.php\/wp-json\/wp\/v2\/pages\/3238\/revisions\/3245"}],"wp:attachment":[{"href":"https:\/\/prielsa.com\/index.php\/wp-json\/wp\/v2\/media?parent=3238"}],"curies":[{"name":"wp","href":"https:\/\/api.w.org\/{rel}","templated":true}]}}